{"id":49,"date":"2013-09-01T18:30:25","date_gmt":"2013-09-01T18:30:25","guid":{"rendered":"http:\/\/www.toloji.org.br\/renato\/?page_id=49"},"modified":"2019-10-29T14:45:24","modified_gmt":"2019-10-29T14:45:24","slug":"exposicao-itinerante","status":"publish","type":"page","link":"https:\/\/www.toloji.org.br\/instituto\/exposicao-itinerante\/","title":{"rendered":"Exposi\u00e7\u00e3o Itinerante"},"content":{"rendered":"<p>Pe\u00e7as selecionadas e representativas da cultura afro est\u00e3o dispon\u00edveis para serem expostas em outros espa\u00e7os culturais e eventos. Este servi\u00e7o objetiva melhorar o acesso de visitantes de outras cidades brasileiras \u00e0 cultura afro atrav\u00e9s da presen\u00e7a f\u00edsica do acervo do Instituto. A exposi\u00e7\u00e3o \u00e9 acompanhada de um folheto informativo apresentando aspectos hist\u00f3ricos e t\u00e9cnicos.<\/p>\n<p>O solicitante de tal servi\u00e7o dever\u00e1 custear apenas os itens de transporte, seguran\u00e7a e expositores. Para agendar a exposi\u00e7\u00e3o \u00e9 necess\u00e1rio enviar uma correspond\u00eancia identificando o evento, local, institui\u00e7\u00e3o e respons\u00e1vel para Rua Mario Bassani, 154 &#8211; Jd. S\u00e3o Vicente &#8211; Campinas &#8211; CEP.: 13045-540, ou pelo E-MAIL: <a href=\"mailto:toloji@toloji.org.br\">toloji@toloji.org.br<\/a>.<\/p>\n","protected":false},"excerpt":{"rendered":"<p>Pe\u00e7as selecionadas e representativas da cultura afro est\u00e3o dispon\u00edveis para serem expostas em outros espa\u00e7os culturais e eventos. Este servi\u00e7o objetiva melhorar o acesso de visitantes de outras cidades brasileiras <a class=\"more-link\" href=\"https:\/\/www.toloji.org.br\/instituto\/exposicao-itinerante\/\">Continue Reading &rarr;<\/a><\/p>\n","protected":false},"author":1,"featured_media":0,"parent":0,"menu_order":0,"comment_status":"closed","ping_status":"open","template":"","meta":{"footnotes":""},"class_list":["post-49","page","type-page","status-publish","hentry"],"yoast_head":"<!-- This site is optimized with the Yoast SEO plugin v26.6 - https:\/\/yoast.com\/wordpress\/plugins\/seo\/ -->\n<title>Exposi\u00e7\u00e3o Itinerante - Instituto Bab\u00e1 Toloji<\/title>\n<meta name=\"robots\" content=\"index, follow, max-snippet:-1, max-image-preview:large, max-video-preview:-1\" \/>\n<link rel=\"canonical\" href=\"https:\/\/www.toloji.org.br\/instituto\/exposicao-itinerante\/\" \/>\n<meta property=\"og:locale\" content=\"pt_BR\" \/>\n<meta property=\"og:type\" content=\"article\" \/>\n<meta property=\"og:title\" content=\"Exposi\u00e7\u00e3o Itinerante - Instituto Bab\u00e1 Toloji\" \/>\n<meta property=\"og:description\" content=\"Pe\u00e7as selecionadas e representativas da cultura afro est\u00e3o dispon\u00edveis para serem expostas em outros espa\u00e7os culturais e eventos. Este servi\u00e7o objetiva melhorar o acesso de visitantes de outras cidades brasileiras Continue Reading &rarr;\" \/>\n<meta property=\"og:url\" content=\"https:\/\/www.toloji.org.br\/instituto\/exposicao-itinerante\/\" \/>\n<meta property=\"og:site_name\" content=\"Instituto Bab\u00e1 Toloji\" \/>\n<meta property=\"article:publisher\" content=\"https:\/\/www.facebook.com\/institutoculturalbabatoloji\/\" \/>\n<meta property=\"article:modified_time\" content=\"2019-10-29T14:45:24+00:00\" \/>\n<meta name=\"twitter:card\" content=\"summary_large_image\" \/>\n<meta name=\"twitter:label1\" content=\"Est. tempo de leitura\" \/>\n\t<meta name=\"twitter:data1\" content=\"1 minuto\" \/>\n<script type=\"application\/ld+json\" class=\"yoast-schema-graph\">{\"@context\":\"https:\/\/schema.org\",\"@graph\":[{\"@type\":\"WebPage\",\"@id\":\"https:\/\/www.toloji.org.br\/instituto\/exposicao-itinerante\/\",\"url\":\"https:\/\/www.toloji.org.br\/instituto\/exposicao-itinerante\/\",\"name\":\"Exposi\u00e7\u00e3o Itinerante - Instituto Bab\u00e1 Toloji\",\"isPartOf\":{\"@id\":\"https:\/\/www.toloji.org.br\/instituto\/#website\"},\"datePublished\":\"2013-09-01T18:30:25+00:00\",\"dateModified\":\"2019-10-29T14:45:24+00:00\",\"breadcrumb\":{\"@id\":\"https:\/\/www.toloji.org.br\/instituto\/exposicao-itinerante\/#breadcrumb\"},\"inLanguage\":\"pt-BR\",\"potentialAction\":[{\"@type\":\"ReadAction\",\"target\":[\"https:\/\/www.toloji.org.br\/instituto\/exposicao-itinerante\/\"]}]},{\"@type\":\"BreadcrumbList\",\"@id\":\"https:\/\/www.toloji.org.br\/instituto\/exposicao-itinerante\/#breadcrumb\",\"itemListElement\":[{\"@type\":\"ListItem\",\"position\":1,\"name\":\"In\u00edcio\",\"item\":\"https:\/\/www.toloji.org.br\/instituto\/\"},{\"@type\":\"ListItem\",\"position\":2,\"name\":\"Exposi\u00e7\u00e3o Itinerante\"}]},{\"@type\":\"WebSite\",\"@id\":\"https:\/\/www.toloji.org.br\/instituto\/#website\",\"url\":\"https:\/\/www.toloji.org.br\/instituto\/\",\"name\":\"Instituto Bab\u00e1 Toloji\",\"description\":\"\",\"publisher\":{\"@id\":\"https:\/\/www.toloji.org.br\/instituto\/#organization\"},\"potentialAction\":[{\"@type\":\"SearchAction\",\"target\":{\"@type\":\"EntryPoint\",\"urlTemplate\":\"https:\/\/www.toloji.org.br\/instituto\/?s={search_term_string}\"},\"query-input\":{\"@type\":\"PropertyValueSpecification\",\"valueRequired\":true,\"valueName\":\"search_term_string\"}}],\"inLanguage\":\"pt-BR\"},{\"@type\":\"Organization\",\"@id\":\"https:\/\/www.toloji.org.br\/instituto\/#organization\",\"name\":\"Instituto Bab\u00e1 Toloji\",\"url\":\"https:\/\/www.toloji.org.br\/instituto\/\",\"logo\":{\"@type\":\"ImageObject\",\"inLanguage\":\"pt-BR\",\"@id\":\"https:\/\/www.toloji.org.br\/instituto\/#\/schema\/logo\/image\/\",\"url\":\"https:\/\/www.toloji.org.br\/instituto\/wp-content\/uploads\/2013\/09\/cropped-974197_3313815100704_997475440_n.jpg\",\"contentUrl\":\"https:\/\/www.toloji.org.br\/instituto\/wp-content\/uploads\/2013\/09\/cropped-974197_3313815100704_997475440_n.jpg\",\"width\":960,\"height\":356,\"caption\":\"Instituto Bab\u00e1 Toloji\"},\"image\":{\"@id\":\"https:\/\/www.toloji.org.br\/instituto\/#\/schema\/logo\/image\/\"},\"sameAs\":[\"https:\/\/www.facebook.com\/institutoculturalbabatoloji\/\"]}]}<\/script>\n<!-- \/ Yoast SEO plugin. -->","yoast_head_json":{"title":"Exposi\u00e7\u00e3o Itinerante - Instituto Bab\u00e1 Toloji","robots":{"index":"index","follow":"follow","max-snippet":"max-snippet:-1","max-image-preview":"max-image-preview:large","max-video-preview":"max-video-preview:-1"},"canonical":"https:\/\/www.toloji.org.br\/instituto\/exposicao-itinerante\/","og_locale":"pt_BR","og_type":"article","og_title":"Exposi\u00e7\u00e3o Itinerante - Instituto Bab\u00e1 Toloji","og_description":"Pe\u00e7as selecionadas e representativas da cultura afro est\u00e3o dispon\u00edveis para serem expostas em outros espa\u00e7os culturais e eventos. Este servi\u00e7o objetiva melhorar o acesso de visitantes de outras cidades brasileiras Continue Reading &rarr;","og_url":"https:\/\/www.toloji.org.br\/instituto\/exposicao-itinerante\/","og_site_name":"Instituto Bab\u00e1 Toloji","article_publisher":"https:\/\/www.facebook.com\/institutoculturalbabatoloji\/","article_modified_time":"2019-10-29T14:45:24+00:00","twitter_card":"summary_large_image","twitter_misc":{"Est. tempo de leitura":"1 minuto"},"schema":{"@context":"https:\/\/schema.org","@graph":[{"@type":"WebPage","@id":"https:\/\/www.toloji.org.br\/instituto\/exposicao-itinerante\/","url":"https:\/\/www.toloji.org.br\/instituto\/exposicao-itinerante\/","name":"Exposi\u00e7\u00e3o Itinerante - Instituto Bab\u00e1 Toloji","isPartOf":{"@id":"https:\/\/www.toloji.org.br\/instituto\/#website"},"datePublished":"2013-09-01T18:30:25+00:00","dateModified":"2019-10-29T14:45:24+00:00","breadcrumb":{"@id":"https:\/\/www.toloji.org.br\/instituto\/exposicao-itinerante\/#breadcrumb"},"inLanguage":"pt-BR","potentialAction":[{"@type":"ReadAction","target":["https:\/\/www.toloji.org.br\/instituto\/exposicao-itinerante\/"]}]},{"@type":"BreadcrumbList","@id":"https:\/\/www.toloji.org.br\/instituto\/exposicao-itinerante\/#breadcrumb","itemListElement":[{"@type":"ListItem","position":1,"name":"In\u00edcio","item":"https:\/\/www.toloji.org.br\/instituto\/"},{"@type":"ListItem","position":2,"name":"Exposi\u00e7\u00e3o Itinerante"}]},{"@type":"WebSite","@id":"https:\/\/www.toloji.org.br\/instituto\/#website","url":"https:\/\/www.toloji.org.br\/instituto\/","name":"Instituto Bab\u00e1 Toloji","description":"","publisher":{"@id":"https:\/\/www.toloji.org.br\/instituto\/#organization"},"potentialAction":[{"@type":"SearchAction","target":{"@type":"EntryPoint","urlTemplate":"https:\/\/www.toloji.org.br\/instituto\/?s={search_term_string}"},"query-input":{"@type":"PropertyValueSpecification","valueRequired":true,"valueName":"search_term_string"}}],"inLanguage":"pt-BR"},{"@type":"Organization","@id":"https:\/\/www.toloji.org.br\/instituto\/#organization","name":"Instituto Bab\u00e1 Toloji","url":"https:\/\/www.toloji.org.br\/instituto\/","logo":{"@type":"ImageObject","inLanguage":"pt-BR","@id":"https:\/\/www.toloji.org.br\/instituto\/#\/schema\/logo\/image\/","url":"https:\/\/www.toloji.org.br\/instituto\/wp-content\/uploads\/2013\/09\/cropped-974197_3313815100704_997475440_n.jpg","contentUrl":"https:\/\/www.toloji.org.br\/instituto\/wp-content\/uploads\/2013\/09\/cropped-974197_3313815100704_997475440_n.jpg","width":960,"height":356,"caption":"Instituto Bab\u00e1 Toloji"},"image":{"@id":"https:\/\/www.toloji.org.br\/instituto\/#\/schema\/logo\/image\/"},"sameAs":["https:\/\/www.facebook.com\/institutoculturalbabatoloji\/"]}]}},"_links":{"self":[{"href":"https:\/\/www.toloji.org.br\/instituto\/wp-json\/wp\/v2\/pages\/49","targetHints":{"allow":["GET"]}}],"collection":[{"href":"https:\/\/www.toloji.org.br\/instituto\/wp-json\/wp\/v2\/pages"}],"about":[{"href":"https:\/\/www.toloji.org.br\/instituto\/wp-json\/wp\/v2\/types\/page"}],"author":[{"embeddable":true,"href":"https:\/\/www.toloji.org.br\/instituto\/wp-json\/wp\/v2\/users\/1"}],"replies":[{"embeddable":true,"href":"https:\/\/www.toloji.org.br\/instituto\/wp-json\/wp\/v2\/comments?post=49"}],"version-history":[{"count":3,"href":"https:\/\/www.toloji.org.br\/instituto\/wp-json\/wp\/v2\/pages\/49\/revisions"}],"predecessor-version":[{"id":461,"href":"https:\/\/www.toloji.org.br\/instituto\/wp-json\/wp\/v2\/pages\/49\/revisions\/461"}],"wp:attachment":[{"href":"https:\/\/www.toloji.org.br\/instituto\/wp-json\/wp\/v2\/media?parent=49"}],"curies":[{"name":"wp","href":"https:\/\/api.w.org\/{rel}","templated":true}]}}