{"id":51,"date":"2013-09-01T18:32:47","date_gmt":"2013-09-01T18:32:47","guid":{"rendered":"http:\/\/www.toloji.org.br\/renato\/?page_id=51"},"modified":"2019-10-29T16:34:36","modified_gmt":"2019-10-29T16:34:36","slug":"visitacao-monitorada","status":"publish","type":"page","link":"https:\/\/www.toloji.org.br\/instituto\/visitacao-monitorada\/","title":{"rendered":"Visita\u00e7\u00e3o Monitorada"},"content":{"rendered":"<p>Especificamente para grupo de visitantes, estudantes, pesquisadores e autoridades, poder\u00e1 ser solicitada a monitoria de um especialista no acervo. A visita percorrer\u00e1 as pe\u00e7as e seus hist\u00f3ricos, lendas, utilidades, origem e t\u00e9cnicas art\u00edsticas.<\/p>\n<p>Ao t\u00e9rmino poder\u00e1 ser solicitada a forma\u00e7\u00e3o de uma roda de discuss\u00e3o cujo monitor estar\u00e1 respondendo e opinando sobre quest\u00f5es de cultura afro. Agendar pelo telefone ou <a href=\"mailto:toloji@toloji.org.br\">E-MAIL<\/a>.<\/p>\n","protected":false},"excerpt":{"rendered":"<p>Especificamente para grupo de visitantes, estudantes, pesquisadores e autoridades, poder\u00e1 ser solicitada a monitoria de um especialista no acervo. A visita percorrer\u00e1 as pe\u00e7as e seus hist\u00f3ricos, lendas, utilidades, origem <a class=\"more-link\" href=\"https:\/\/www.toloji.org.br\/instituto\/visitacao-monitorada\/\">Continue Reading &rarr;<\/a><\/p>\n","protected":false},"author":1,"featured_media":0,"parent":0,"menu_order":0,"comment_status":"closed","ping_status":"open","template":"","meta":{"footnotes":""},"class_list":["post-51","page","type-page","status-publish","hentry"],"yoast_head":"<!-- This site is optimized with the Yoast SEO plugin v26.6 - https:\/\/yoast.com\/wordpress\/plugins\/seo\/ -->\n<title>Visita\u00e7\u00e3o Monitorada - Instituto Bab\u00e1 Toloji<\/title>\n<meta name=\"robots\" content=\"index, nofollow, max-snippet:-1, max-image-preview:large, max-video-preview:-1\" \/>\n<link rel=\"canonical\" href=\"https:\/\/www.toloji.org.br\/instituto\/visitacao-monitorada\/\" \/>\n<meta property=\"og:locale\" content=\"pt_BR\" \/>\n<meta property=\"og:type\" content=\"article\" \/>\n<meta property=\"og:title\" content=\"Visita\u00e7\u00e3o Monitorada - Instituto Bab\u00e1 Toloji\" \/>\n<meta property=\"og:description\" content=\"Especificamente para grupo de visitantes, estudantes, pesquisadores e autoridades, poder\u00e1 ser solicitada a monitoria de um especialista no acervo. A visita percorrer\u00e1 as pe\u00e7as e seus hist\u00f3ricos, lendas, utilidades, origem Continue Reading &rarr;\" \/>\n<meta property=\"og:url\" content=\"https:\/\/www.toloji.org.br\/instituto\/visitacao-monitorada\/\" \/>\n<meta property=\"og:site_name\" content=\"Instituto Bab\u00e1 Toloji\" \/>\n<meta property=\"article:publisher\" content=\"https:\/\/www.facebook.com\/institutoculturalbabatoloji\/\" \/>\n<meta property=\"article:modified_time\" content=\"2019-10-29T16:34:36+00:00\" \/>\n<meta name=\"twitter:card\" content=\"summary_large_image\" \/>\n<script type=\"application\/ld+json\" class=\"yoast-schema-graph\">{\"@context\":\"https:\/\/schema.org\",\"@graph\":[{\"@type\":\"WebPage\",\"@id\":\"https:\/\/www.toloji.org.br\/instituto\/visitacao-monitorada\/\",\"url\":\"https:\/\/www.toloji.org.br\/instituto\/visitacao-monitorada\/\",\"name\":\"Visita\u00e7\u00e3o Monitorada - Instituto Bab\u00e1 Toloji\",\"isPartOf\":{\"@id\":\"https:\/\/www.toloji.org.br\/instituto\/#website\"},\"datePublished\":\"2013-09-01T18:32:47+00:00\",\"dateModified\":\"2019-10-29T16:34:36+00:00\",\"breadcrumb\":{\"@id\":\"https:\/\/www.toloji.org.br\/instituto\/visitacao-monitorada\/#breadcrumb\"},\"inLanguage\":\"pt-BR\",\"potentialAction\":[{\"@type\":\"ReadAction\",\"target\":[\"https:\/\/www.toloji.org.br\/instituto\/visitacao-monitorada\/\"]}]},{\"@type\":\"BreadcrumbList\",\"@id\":\"https:\/\/www.toloji.org.br\/instituto\/visitacao-monitorada\/#breadcrumb\",\"itemListElement\":[{\"@type\":\"ListItem\",\"position\":1,\"name\":\"In\u00edcio\",\"item\":\"https:\/\/www.toloji.org.br\/instituto\/\"},{\"@type\":\"ListItem\",\"position\":2,\"name\":\"Visita\u00e7\u00e3o Monitorada\"}]},{\"@type\":\"WebSite\",\"@id\":\"https:\/\/www.toloji.org.br\/instituto\/#website\",\"url\":\"https:\/\/www.toloji.org.br\/instituto\/\",\"name\":\"Instituto Bab\u00e1 Toloji\",\"description\":\"\",\"publisher\":{\"@id\":\"https:\/\/www.toloji.org.br\/instituto\/#organization\"},\"potentialAction\":[{\"@type\":\"SearchAction\",\"target\":{\"@type\":\"EntryPoint\",\"urlTemplate\":\"https:\/\/www.toloji.org.br\/instituto\/?s={search_term_string}\"},\"query-input\":{\"@type\":\"PropertyValueSpecification\",\"valueRequired\":true,\"valueName\":\"search_term_string\"}}],\"inLanguage\":\"pt-BR\"},{\"@type\":\"Organization\",\"@id\":\"https:\/\/www.toloji.org.br\/instituto\/#organization\",\"name\":\"Instituto Bab\u00e1 Toloji\",\"url\":\"https:\/\/www.toloji.org.br\/instituto\/\",\"logo\":{\"@type\":\"ImageObject\",\"inLanguage\":\"pt-BR\",\"@id\":\"https:\/\/www.toloji.org.br\/instituto\/#\/schema\/logo\/image\/\",\"url\":\"https:\/\/www.toloji.org.br\/instituto\/wp-content\/uploads\/2013\/09\/cropped-974197_3313815100704_997475440_n.jpg\",\"contentUrl\":\"https:\/\/www.toloji.org.br\/instituto\/wp-content\/uploads\/2013\/09\/cropped-974197_3313815100704_997475440_n.jpg\",\"width\":960,\"height\":356,\"caption\":\"Instituto Bab\u00e1 Toloji\"},\"image\":{\"@id\":\"https:\/\/www.toloji.org.br\/instituto\/#\/schema\/logo\/image\/\"},\"sameAs\":[\"https:\/\/www.facebook.com\/institutoculturalbabatoloji\/\"]}]}<\/script>\n<!-- \/ Yoast SEO plugin. -->","yoast_head_json":{"title":"Visita\u00e7\u00e3o Monitorada - Instituto Bab\u00e1 Toloji","robots":{"index":"index","follow":"nofollow","max-snippet":"max-snippet:-1","max-image-preview":"max-image-preview:large","max-video-preview":"max-video-preview:-1"},"canonical":"https:\/\/www.toloji.org.br\/instituto\/visitacao-monitorada\/","og_locale":"pt_BR","og_type":"article","og_title":"Visita\u00e7\u00e3o Monitorada - Instituto Bab\u00e1 Toloji","og_description":"Especificamente para grupo de visitantes, estudantes, pesquisadores e autoridades, poder\u00e1 ser solicitada a monitoria de um especialista no acervo. A visita percorrer\u00e1 as pe\u00e7as e seus hist\u00f3ricos, lendas, utilidades, origem Continue Reading &rarr;","og_url":"https:\/\/www.toloji.org.br\/instituto\/visitacao-monitorada\/","og_site_name":"Instituto Bab\u00e1 Toloji","article_publisher":"https:\/\/www.facebook.com\/institutoculturalbabatoloji\/","article_modified_time":"2019-10-29T16:34:36+00:00","twitter_card":"summary_large_image","schema":{"@context":"https:\/\/schema.org","@graph":[{"@type":"WebPage","@id":"https:\/\/www.toloji.org.br\/instituto\/visitacao-monitorada\/","url":"https:\/\/www.toloji.org.br\/instituto\/visitacao-monitorada\/","name":"Visita\u00e7\u00e3o Monitorada - Instituto Bab\u00e1 Toloji","isPartOf":{"@id":"https:\/\/www.toloji.org.br\/instituto\/#website"},"datePublished":"2013-09-01T18:32:47+00:00","dateModified":"2019-10-29T16:34:36+00:00","breadcrumb":{"@id":"https:\/\/www.toloji.org.br\/instituto\/visitacao-monitorada\/#breadcrumb"},"inLanguage":"pt-BR","potentialAction":[{"@type":"ReadAction","target":["https:\/\/www.toloji.org.br\/instituto\/visitacao-monitorada\/"]}]},{"@type":"BreadcrumbList","@id":"https:\/\/www.toloji.org.br\/instituto\/visitacao-monitorada\/#breadcrumb","itemListElement":[{"@type":"ListItem","position":1,"name":"In\u00edcio","item":"https:\/\/www.toloji.org.br\/instituto\/"},{"@type":"ListItem","position":2,"name":"Visita\u00e7\u00e3o Monitorada"}]},{"@type":"WebSite","@id":"https:\/\/www.toloji.org.br\/instituto\/#website","url":"https:\/\/www.toloji.org.br\/instituto\/","name":"Instituto Bab\u00e1 Toloji","description":"","publisher":{"@id":"https:\/\/www.toloji.org.br\/instituto\/#organization"},"potentialAction":[{"@type":"SearchAction","target":{"@type":"EntryPoint","urlTemplate":"https:\/\/www.toloji.org.br\/instituto\/?s={search_term_string}"},"query-input":{"@type":"PropertyValueSpecification","valueRequired":true,"valueName":"search_term_string"}}],"inLanguage":"pt-BR"},{"@type":"Organization","@id":"https:\/\/www.toloji.org.br\/instituto\/#organization","name":"Instituto Bab\u00e1 Toloji","url":"https:\/\/www.toloji.org.br\/instituto\/","logo":{"@type":"ImageObject","inLanguage":"pt-BR","@id":"https:\/\/www.toloji.org.br\/instituto\/#\/schema\/logo\/image\/","url":"https:\/\/www.toloji.org.br\/instituto\/wp-content\/uploads\/2013\/09\/cropped-974197_3313815100704_997475440_n.jpg","contentUrl":"https:\/\/www.toloji.org.br\/instituto\/wp-content\/uploads\/2013\/09\/cropped-974197_3313815100704_997475440_n.jpg","width":960,"height":356,"caption":"Instituto Bab\u00e1 Toloji"},"image":{"@id":"https:\/\/www.toloji.org.br\/instituto\/#\/schema\/logo\/image\/"},"sameAs":["https:\/\/www.facebook.com\/institutoculturalbabatoloji\/"]}]}},"_links":{"self":[{"href":"https:\/\/www.toloji.org.br\/instituto\/wp-json\/wp\/v2\/pages\/51","targetHints":{"allow":["GET"]}}],"collection":[{"href":"https:\/\/www.toloji.org.br\/instituto\/wp-json\/wp\/v2\/pages"}],"about":[{"href":"https:\/\/www.toloji.org.br\/instituto\/wp-json\/wp\/v2\/types\/page"}],"author":[{"embeddable":true,"href":"https:\/\/www.toloji.org.br\/instituto\/wp-json\/wp\/v2\/users\/1"}],"replies":[{"embeddable":true,"href":"https:\/\/www.toloji.org.br\/instituto\/wp-json\/wp\/v2\/comments?post=51"}],"version-history":[{"count":2,"href":"https:\/\/www.toloji.org.br\/instituto\/wp-json\/wp\/v2\/pages\/51\/revisions"}],"predecessor-version":[{"id":468,"href":"https:\/\/www.toloji.org.br\/instituto\/wp-json\/wp\/v2\/pages\/51\/revisions\/468"}],"wp:attachment":[{"href":"https:\/\/www.toloji.org.br\/instituto\/wp-json\/wp\/v2\/media?parent=51"}],"curies":[{"name":"wp","href":"https:\/\/api.w.org\/{rel}","templated":true}]}}