{"id":55,"date":"2013-09-01T18:36:18","date_gmt":"2013-09-01T18:36:18","guid":{"rendered":"http:\/\/www.toloji.org.br\/renato\/?page_id=55"},"modified":"2019-10-29T14:45:24","modified_gmt":"2019-10-29T14:45:24","slug":"cursos-seminarios-e-oficinas-artisticas","status":"publish","type":"page","link":"https:\/\/www.toloji.org.br\/instituto\/cursos-seminarios-e-oficinas-artisticas\/","title":{"rendered":"Cursos, Semin\u00e1rios e Oficinas Art\u00edsticas"},"content":{"rendered":"<p>Regularmente o Instituto promove eventos culturais e educacionais relativos a Cultura Afro. Para receber com anteced\u00eancia as informa\u00e7\u00f5es dos pr\u00f3ximos eventos, cadastre-se em nosso banco de dados clicando aqui, ou v\u00e1 para a p\u00e1gina principal e clique em &#8220;Boletim&#8221;.<\/p>\n<p>Tamb\u00e9m existe o servi\u00e7o de vincula\u00e7\u00e3o de outros eventos culturais afins em forma de parceria entre o Instituto e outras organiza\u00e7\u00f5es e pessoas. Por exemplo, um professor poder\u00e1 solicitar o espa\u00e7o para realizar cursos, associa\u00e7\u00f5es montarem exposi\u00e7\u00f5es tempor\u00e1rias, empresas realizarem semin\u00e1rios, etc.<\/p>\n<p>Maiores informa\u00e7\u00f5es pelo telefone e <a href=\"mailto:toloji@toloji.org.br\">E-MAIL<\/a>.<\/p>\n","protected":false},"excerpt":{"rendered":"<p>Regularmente o Instituto promove eventos culturais e educacionais relativos a Cultura Afro. Para receber com anteced\u00eancia as informa\u00e7\u00f5es dos pr\u00f3ximos eventos, cadastre-se em nosso banco de dados clicando aqui, ou <a class=\"more-link\" href=\"https:\/\/www.toloji.org.br\/instituto\/cursos-seminarios-e-oficinas-artisticas\/\">Continue Reading &rarr;<\/a><\/p>\n","protected":false},"author":1,"featured_media":0,"parent":0,"menu_order":0,"comment_status":"closed","ping_status":"open","template":"","meta":{"footnotes":""},"class_list":["post-55","page","type-page","status-publish","hentry"],"yoast_head":"<!-- This site is optimized with the Yoast SEO plugin v26.6 - https:\/\/yoast.com\/wordpress\/plugins\/seo\/ -->\n<title>Cursos, Semin\u00e1rios e Oficinas Art\u00edsticas - Instituto Bab\u00e1 Toloji<\/title>\n<meta name=\"robots\" content=\"index, follow, max-snippet:-1, max-image-preview:large, max-video-preview:-1\" \/>\n<link rel=\"canonical\" href=\"https:\/\/www.toloji.org.br\/instituto\/cursos-seminarios-e-oficinas-artisticas\/\" \/>\n<meta property=\"og:locale\" content=\"pt_BR\" \/>\n<meta property=\"og:type\" content=\"article\" \/>\n<meta property=\"og:title\" content=\"Cursos, Semin\u00e1rios e Oficinas Art\u00edsticas - Instituto Bab\u00e1 Toloji\" \/>\n<meta property=\"og:description\" content=\"Regularmente o Instituto promove eventos culturais e educacionais relativos a Cultura Afro. Para receber com anteced\u00eancia as informa\u00e7\u00f5es dos pr\u00f3ximos eventos, cadastre-se em nosso banco de dados clicando aqui, ou Continue Reading &rarr;\" \/>\n<meta property=\"og:url\" content=\"https:\/\/www.toloji.org.br\/instituto\/cursos-seminarios-e-oficinas-artisticas\/\" \/>\n<meta property=\"og:site_name\" content=\"Instituto Bab\u00e1 Toloji\" \/>\n<meta property=\"article:publisher\" content=\"https:\/\/www.facebook.com\/institutoculturalbabatoloji\/\" \/>\n<meta property=\"article:modified_time\" content=\"2019-10-29T14:45:24+00:00\" \/>\n<meta name=\"twitter:card\" content=\"summary_large_image\" \/>\n<meta name=\"twitter:label1\" content=\"Est. tempo de leitura\" \/>\n\t<meta name=\"twitter:data1\" content=\"1 minuto\" \/>\n<script type=\"application\/ld+json\" class=\"yoast-schema-graph\">{\"@context\":\"https:\/\/schema.org\",\"@graph\":[{\"@type\":\"WebPage\",\"@id\":\"https:\/\/www.toloji.org.br\/instituto\/cursos-seminarios-e-oficinas-artisticas\/\",\"url\":\"https:\/\/www.toloji.org.br\/instituto\/cursos-seminarios-e-oficinas-artisticas\/\",\"name\":\"Cursos, Semin\u00e1rios e Oficinas Art\u00edsticas - Instituto Bab\u00e1 Toloji\",\"isPartOf\":{\"@id\":\"https:\/\/www.toloji.org.br\/instituto\/#website\"},\"datePublished\":\"2013-09-01T18:36:18+00:00\",\"dateModified\":\"2019-10-29T14:45:24+00:00\",\"breadcrumb\":{\"@id\":\"https:\/\/www.toloji.org.br\/instituto\/cursos-seminarios-e-oficinas-artisticas\/#breadcrumb\"},\"inLanguage\":\"pt-BR\",\"potentialAction\":[{\"@type\":\"ReadAction\",\"target\":[\"https:\/\/www.toloji.org.br\/instituto\/cursos-seminarios-e-oficinas-artisticas\/\"]}]},{\"@type\":\"BreadcrumbList\",\"@id\":\"https:\/\/www.toloji.org.br\/instituto\/cursos-seminarios-e-oficinas-artisticas\/#breadcrumb\",\"itemListElement\":[{\"@type\":\"ListItem\",\"position\":1,\"name\":\"In\u00edcio\",\"item\":\"https:\/\/www.toloji.org.br\/instituto\/\"},{\"@type\":\"ListItem\",\"position\":2,\"name\":\"Cursos, Semin\u00e1rios e Oficinas Art\u00edsticas\"}]},{\"@type\":\"WebSite\",\"@id\":\"https:\/\/www.toloji.org.br\/instituto\/#website\",\"url\":\"https:\/\/www.toloji.org.br\/instituto\/\",\"name\":\"Instituto Bab\u00e1 Toloji\",\"description\":\"\",\"publisher\":{\"@id\":\"https:\/\/www.toloji.org.br\/instituto\/#organization\"},\"potentialAction\":[{\"@type\":\"SearchAction\",\"target\":{\"@type\":\"EntryPoint\",\"urlTemplate\":\"https:\/\/www.toloji.org.br\/instituto\/?s={search_term_string}\"},\"query-input\":{\"@type\":\"PropertyValueSpecification\",\"valueRequired\":true,\"valueName\":\"search_term_string\"}}],\"inLanguage\":\"pt-BR\"},{\"@type\":\"Organization\",\"@id\":\"https:\/\/www.toloji.org.br\/instituto\/#organization\",\"name\":\"Instituto Bab\u00e1 Toloji\",\"url\":\"https:\/\/www.toloji.org.br\/instituto\/\",\"logo\":{\"@type\":\"ImageObject\",\"inLanguage\":\"pt-BR\",\"@id\":\"https:\/\/www.toloji.org.br\/instituto\/#\/schema\/logo\/image\/\",\"url\":\"https:\/\/www.toloji.org.br\/instituto\/wp-content\/uploads\/2013\/09\/cropped-974197_3313815100704_997475440_n.jpg\",\"contentUrl\":\"https:\/\/www.toloji.org.br\/instituto\/wp-content\/uploads\/2013\/09\/cropped-974197_3313815100704_997475440_n.jpg\",\"width\":960,\"height\":356,\"caption\":\"Instituto Bab\u00e1 Toloji\"},\"image\":{\"@id\":\"https:\/\/www.toloji.org.br\/instituto\/#\/schema\/logo\/image\/\"},\"sameAs\":[\"https:\/\/www.facebook.com\/institutoculturalbabatoloji\/\"]}]}<\/script>\n<!-- \/ Yoast SEO plugin. -->","yoast_head_json":{"title":"Cursos, Semin\u00e1rios e Oficinas Art\u00edsticas - Instituto Bab\u00e1 Toloji","robots":{"index":"index","follow":"follow","max-snippet":"max-snippet:-1","max-image-preview":"max-image-preview:large","max-video-preview":"max-video-preview:-1"},"canonical":"https:\/\/www.toloji.org.br\/instituto\/cursos-seminarios-e-oficinas-artisticas\/","og_locale":"pt_BR","og_type":"article","og_title":"Cursos, Semin\u00e1rios e Oficinas Art\u00edsticas - Instituto Bab\u00e1 Toloji","og_description":"Regularmente o Instituto promove eventos culturais e educacionais relativos a Cultura Afro. Para receber com anteced\u00eancia as informa\u00e7\u00f5es dos pr\u00f3ximos eventos, cadastre-se em nosso banco de dados clicando aqui, ou Continue Reading &rarr;","og_url":"https:\/\/www.toloji.org.br\/instituto\/cursos-seminarios-e-oficinas-artisticas\/","og_site_name":"Instituto Bab\u00e1 Toloji","article_publisher":"https:\/\/www.facebook.com\/institutoculturalbabatoloji\/","article_modified_time":"2019-10-29T14:45:24+00:00","twitter_card":"summary_large_image","twitter_misc":{"Est. tempo de leitura":"1 minuto"},"schema":{"@context":"https:\/\/schema.org","@graph":[{"@type":"WebPage","@id":"https:\/\/www.toloji.org.br\/instituto\/cursos-seminarios-e-oficinas-artisticas\/","url":"https:\/\/www.toloji.org.br\/instituto\/cursos-seminarios-e-oficinas-artisticas\/","name":"Cursos, Semin\u00e1rios e Oficinas Art\u00edsticas - Instituto Bab\u00e1 Toloji","isPartOf":{"@id":"https:\/\/www.toloji.org.br\/instituto\/#website"},"datePublished":"2013-09-01T18:36:18+00:00","dateModified":"2019-10-29T14:45:24+00:00","breadcrumb":{"@id":"https:\/\/www.toloji.org.br\/instituto\/cursos-seminarios-e-oficinas-artisticas\/#breadcrumb"},"inLanguage":"pt-BR","potentialAction":[{"@type":"ReadAction","target":["https:\/\/www.toloji.org.br\/instituto\/cursos-seminarios-e-oficinas-artisticas\/"]}]},{"@type":"BreadcrumbList","@id":"https:\/\/www.toloji.org.br\/instituto\/cursos-seminarios-e-oficinas-artisticas\/#breadcrumb","itemListElement":[{"@type":"ListItem","position":1,"name":"In\u00edcio","item":"https:\/\/www.toloji.org.br\/instituto\/"},{"@type":"ListItem","position":2,"name":"Cursos, Semin\u00e1rios e Oficinas Art\u00edsticas"}]},{"@type":"WebSite","@id":"https:\/\/www.toloji.org.br\/instituto\/#website","url":"https:\/\/www.toloji.org.br\/instituto\/","name":"Instituto Bab\u00e1 Toloji","description":"","publisher":{"@id":"https:\/\/www.toloji.org.br\/instituto\/#organization"},"potentialAction":[{"@type":"SearchAction","target":{"@type":"EntryPoint","urlTemplate":"https:\/\/www.toloji.org.br\/instituto\/?s={search_term_string}"},"query-input":{"@type":"PropertyValueSpecification","valueRequired":true,"valueName":"search_term_string"}}],"inLanguage":"pt-BR"},{"@type":"Organization","@id":"https:\/\/www.toloji.org.br\/instituto\/#organization","name":"Instituto Bab\u00e1 Toloji","url":"https:\/\/www.toloji.org.br\/instituto\/","logo":{"@type":"ImageObject","inLanguage":"pt-BR","@id":"https:\/\/www.toloji.org.br\/instituto\/#\/schema\/logo\/image\/","url":"https:\/\/www.toloji.org.br\/instituto\/wp-content\/uploads\/2013\/09\/cropped-974197_3313815100704_997475440_n.jpg","contentUrl":"https:\/\/www.toloji.org.br\/instituto\/wp-content\/uploads\/2013\/09\/cropped-974197_3313815100704_997475440_n.jpg","width":960,"height":356,"caption":"Instituto Bab\u00e1 Toloji"},"image":{"@id":"https:\/\/www.toloji.org.br\/instituto\/#\/schema\/logo\/image\/"},"sameAs":["https:\/\/www.facebook.com\/institutoculturalbabatoloji\/"]}]}},"_links":{"self":[{"href":"https:\/\/www.toloji.org.br\/instituto\/wp-json\/wp\/v2\/pages\/55","targetHints":{"allow":["GET"]}}],"collection":[{"href":"https:\/\/www.toloji.org.br\/instituto\/wp-json\/wp\/v2\/pages"}],"about":[{"href":"https:\/\/www.toloji.org.br\/instituto\/wp-json\/wp\/v2\/types\/page"}],"author":[{"embeddable":true,"href":"https:\/\/www.toloji.org.br\/instituto\/wp-json\/wp\/v2\/users\/1"}],"replies":[{"embeddable":true,"href":"https:\/\/www.toloji.org.br\/instituto\/wp-json\/wp\/v2\/comments?post=55"}],"version-history":[{"count":3,"href":"https:\/\/www.toloji.org.br\/instituto\/wp-json\/wp\/v2\/pages\/55\/revisions"}],"predecessor-version":[{"id":458,"href":"https:\/\/www.toloji.org.br\/instituto\/wp-json\/wp\/v2\/pages\/55\/revisions\/458"}],"wp:attachment":[{"href":"https:\/\/www.toloji.org.br\/instituto\/wp-json\/wp\/v2\/media?parent=55"}],"curies":[{"name":"wp","href":"https:\/\/api.w.org\/{rel}","templated":true}]}}