{"id":74,"date":"2013-09-01T18:49:57","date_gmt":"2013-09-01T18:49:57","guid":{"rendered":"http:\/\/www.toloji.org.br\/renato\/?page_id=74"},"modified":"2019-10-29T14:45:24","modified_gmt":"2019-10-29T14:45:24","slug":"infraestrutura-museologica","status":"publish","type":"page","link":"https:\/\/www.toloji.org.br\/instituto\/infraestrutura-museologica\/","title":{"rendered":"Infraestrutura Museol\u00f3gica"},"content":{"rendered":"<p>O Instituto Cultural Bab\u00e1 Toloji possui uma grandiosa cole\u00e7\u00e3o de pe\u00e7as representativas da Cultura Afro. Apesar de dispor de amplo espa\u00e7o destinado \u00e0 exposi\u00e7\u00e3o, ainda carece de infraestrutura que suporte exposi\u00e7\u00f5es tem\u00e1ticas e possibilite instrumentos de conserva\u00e7\u00e3o preventiva de seu acervo.<\/p>\n<p>Este projeto contempla aquisi\u00e7\u00e3o de expositores, m\u00f3dulos de exposi\u00e7\u00e3o itinerante, &#8220;aqu\u00e1rios&#8221;, estantes, suportes, arquivos, vitrines, ilumina\u00e7\u00e3o, etc.<\/p>\n","protected":false},"excerpt":{"rendered":"<p>O Instituto Cultural Bab\u00e1 Toloji possui uma grandiosa cole\u00e7\u00e3o de pe\u00e7as representativas da Cultura Afro. Apesar de dispor de amplo espa\u00e7o destinado \u00e0 exposi\u00e7\u00e3o, ainda carece de infraestrutura que suporte <a class=\"more-link\" href=\"https:\/\/www.toloji.org.br\/instituto\/infraestrutura-museologica\/\">Continue Reading &rarr;<\/a><\/p>\n","protected":false},"author":1,"featured_media":0,"parent":0,"menu_order":0,"comment_status":"closed","ping_status":"open","template":"","meta":{"footnotes":""},"class_list":["post-74","page","type-page","status-publish","hentry"],"yoast_head":"<!-- This site is optimized with the Yoast SEO plugin v26.6 - https:\/\/yoast.com\/wordpress\/plugins\/seo\/ -->\n<title>Infraestrutura Museol\u00f3gica - Instituto Bab\u00e1 Toloji<\/title>\n<meta name=\"robots\" content=\"index, follow, max-snippet:-1, max-image-preview:large, max-video-preview:-1\" \/>\n<link rel=\"canonical\" href=\"https:\/\/www.toloji.org.br\/instituto\/infraestrutura-museologica\/\" \/>\n<meta property=\"og:locale\" content=\"pt_BR\" \/>\n<meta property=\"og:type\" content=\"article\" \/>\n<meta property=\"og:title\" content=\"Infraestrutura Museol\u00f3gica - Instituto Bab\u00e1 Toloji\" \/>\n<meta property=\"og:description\" content=\"O Instituto Cultural Bab\u00e1 Toloji possui uma grandiosa cole\u00e7\u00e3o de pe\u00e7as representativas da Cultura Afro. Apesar de dispor de amplo espa\u00e7o destinado \u00e0 exposi\u00e7\u00e3o, ainda carece de infraestrutura que suporte Continue Reading &rarr;\" \/>\n<meta property=\"og:url\" content=\"https:\/\/www.toloji.org.br\/instituto\/infraestrutura-museologica\/\" \/>\n<meta property=\"og:site_name\" content=\"Instituto Bab\u00e1 Toloji\" \/>\n<meta property=\"article:publisher\" content=\"https:\/\/www.facebook.com\/institutoculturalbabatoloji\/\" \/>\n<meta property=\"article:modified_time\" content=\"2019-10-29T14:45:24+00:00\" \/>\n<meta name=\"twitter:card\" content=\"summary_large_image\" \/>\n<script type=\"application\/ld+json\" class=\"yoast-schema-graph\">{\"@context\":\"https:\/\/schema.org\",\"@graph\":[{\"@type\":\"WebPage\",\"@id\":\"https:\/\/www.toloji.org.br\/instituto\/infraestrutura-museologica\/\",\"url\":\"https:\/\/www.toloji.org.br\/instituto\/infraestrutura-museologica\/\",\"name\":\"Infraestrutura Museol\u00f3gica - Instituto Bab\u00e1 Toloji\",\"isPartOf\":{\"@id\":\"https:\/\/www.toloji.org.br\/instituto\/#website\"},\"datePublished\":\"2013-09-01T18:49:57+00:00\",\"dateModified\":\"2019-10-29T14:45:24+00:00\",\"breadcrumb\":{\"@id\":\"https:\/\/www.toloji.org.br\/instituto\/infraestrutura-museologica\/#breadcrumb\"},\"inLanguage\":\"pt-BR\",\"potentialAction\":[{\"@type\":\"ReadAction\",\"target\":[\"https:\/\/www.toloji.org.br\/instituto\/infraestrutura-museologica\/\"]}]},{\"@type\":\"BreadcrumbList\",\"@id\":\"https:\/\/www.toloji.org.br\/instituto\/infraestrutura-museologica\/#breadcrumb\",\"itemListElement\":[{\"@type\":\"ListItem\",\"position\":1,\"name\":\"In\u00edcio\",\"item\":\"https:\/\/www.toloji.org.br\/instituto\/\"},{\"@type\":\"ListItem\",\"position\":2,\"name\":\"Infraestrutura Museol\u00f3gica\"}]},{\"@type\":\"WebSite\",\"@id\":\"https:\/\/www.toloji.org.br\/instituto\/#website\",\"url\":\"https:\/\/www.toloji.org.br\/instituto\/\",\"name\":\"Instituto Bab\u00e1 Toloji\",\"description\":\"\",\"publisher\":{\"@id\":\"https:\/\/www.toloji.org.br\/instituto\/#organization\"},\"potentialAction\":[{\"@type\":\"SearchAction\",\"target\":{\"@type\":\"EntryPoint\",\"urlTemplate\":\"https:\/\/www.toloji.org.br\/instituto\/?s={search_term_string}\"},\"query-input\":{\"@type\":\"PropertyValueSpecification\",\"valueRequired\":true,\"valueName\":\"search_term_string\"}}],\"inLanguage\":\"pt-BR\"},{\"@type\":\"Organization\",\"@id\":\"https:\/\/www.toloji.org.br\/instituto\/#organization\",\"name\":\"Instituto Bab\u00e1 Toloji\",\"url\":\"https:\/\/www.toloji.org.br\/instituto\/\",\"logo\":{\"@type\":\"ImageObject\",\"inLanguage\":\"pt-BR\",\"@id\":\"https:\/\/www.toloji.org.br\/instituto\/#\/schema\/logo\/image\/\",\"url\":\"https:\/\/www.toloji.org.br\/instituto\/wp-content\/uploads\/2013\/09\/cropped-974197_3313815100704_997475440_n.jpg\",\"contentUrl\":\"https:\/\/www.toloji.org.br\/instituto\/wp-content\/uploads\/2013\/09\/cropped-974197_3313815100704_997475440_n.jpg\",\"width\":960,\"height\":356,\"caption\":\"Instituto Bab\u00e1 Toloji\"},\"image\":{\"@id\":\"https:\/\/www.toloji.org.br\/instituto\/#\/schema\/logo\/image\/\"},\"sameAs\":[\"https:\/\/www.facebook.com\/institutoculturalbabatoloji\/\"]}]}<\/script>\n<!-- \/ Yoast SEO plugin. -->","yoast_head_json":{"title":"Infraestrutura Museol\u00f3gica - Instituto Bab\u00e1 Toloji","robots":{"index":"index","follow":"follow","max-snippet":"max-snippet:-1","max-image-preview":"max-image-preview:large","max-video-preview":"max-video-preview:-1"},"canonical":"https:\/\/www.toloji.org.br\/instituto\/infraestrutura-museologica\/","og_locale":"pt_BR","og_type":"article","og_title":"Infraestrutura Museol\u00f3gica - Instituto Bab\u00e1 Toloji","og_description":"O Instituto Cultural Bab\u00e1 Toloji possui uma grandiosa cole\u00e7\u00e3o de pe\u00e7as representativas da Cultura Afro. Apesar de dispor de amplo espa\u00e7o destinado \u00e0 exposi\u00e7\u00e3o, ainda carece de infraestrutura que suporte Continue Reading &rarr;","og_url":"https:\/\/www.toloji.org.br\/instituto\/infraestrutura-museologica\/","og_site_name":"Instituto Bab\u00e1 Toloji","article_publisher":"https:\/\/www.facebook.com\/institutoculturalbabatoloji\/","article_modified_time":"2019-10-29T14:45:24+00:00","twitter_card":"summary_large_image","schema":{"@context":"https:\/\/schema.org","@graph":[{"@type":"WebPage","@id":"https:\/\/www.toloji.org.br\/instituto\/infraestrutura-museologica\/","url":"https:\/\/www.toloji.org.br\/instituto\/infraestrutura-museologica\/","name":"Infraestrutura Museol\u00f3gica - Instituto Bab\u00e1 Toloji","isPartOf":{"@id":"https:\/\/www.toloji.org.br\/instituto\/#website"},"datePublished":"2013-09-01T18:49:57+00:00","dateModified":"2019-10-29T14:45:24+00:00","breadcrumb":{"@id":"https:\/\/www.toloji.org.br\/instituto\/infraestrutura-museologica\/#breadcrumb"},"inLanguage":"pt-BR","potentialAction":[{"@type":"ReadAction","target":["https:\/\/www.toloji.org.br\/instituto\/infraestrutura-museologica\/"]}]},{"@type":"BreadcrumbList","@id":"https:\/\/www.toloji.org.br\/instituto\/infraestrutura-museologica\/#breadcrumb","itemListElement":[{"@type":"ListItem","position":1,"name":"In\u00edcio","item":"https:\/\/www.toloji.org.br\/instituto\/"},{"@type":"ListItem","position":2,"name":"Infraestrutura Museol\u00f3gica"}]},{"@type":"WebSite","@id":"https:\/\/www.toloji.org.br\/instituto\/#website","url":"https:\/\/www.toloji.org.br\/instituto\/","name":"Instituto Bab\u00e1 Toloji","description":"","publisher":{"@id":"https:\/\/www.toloji.org.br\/instituto\/#organization"},"potentialAction":[{"@type":"SearchAction","target":{"@type":"EntryPoint","urlTemplate":"https:\/\/www.toloji.org.br\/instituto\/?s={search_term_string}"},"query-input":{"@type":"PropertyValueSpecification","valueRequired":true,"valueName":"search_term_string"}}],"inLanguage":"pt-BR"},{"@type":"Organization","@id":"https:\/\/www.toloji.org.br\/instituto\/#organization","name":"Instituto Bab\u00e1 Toloji","url":"https:\/\/www.toloji.org.br\/instituto\/","logo":{"@type":"ImageObject","inLanguage":"pt-BR","@id":"https:\/\/www.toloji.org.br\/instituto\/#\/schema\/logo\/image\/","url":"https:\/\/www.toloji.org.br\/instituto\/wp-content\/uploads\/2013\/09\/cropped-974197_3313815100704_997475440_n.jpg","contentUrl":"https:\/\/www.toloji.org.br\/instituto\/wp-content\/uploads\/2013\/09\/cropped-974197_3313815100704_997475440_n.jpg","width":960,"height":356,"caption":"Instituto Bab\u00e1 Toloji"},"image":{"@id":"https:\/\/www.toloji.org.br\/instituto\/#\/schema\/logo\/image\/"},"sameAs":["https:\/\/www.facebook.com\/institutoculturalbabatoloji\/"]}]}},"_links":{"self":[{"href":"https:\/\/www.toloji.org.br\/instituto\/wp-json\/wp\/v2\/pages\/74","targetHints":{"allow":["GET"]}}],"collection":[{"href":"https:\/\/www.toloji.org.br\/instituto\/wp-json\/wp\/v2\/pages"}],"about":[{"href":"https:\/\/www.toloji.org.br\/instituto\/wp-json\/wp\/v2\/types\/page"}],"author":[{"embeddable":true,"href":"https:\/\/www.toloji.org.br\/instituto\/wp-json\/wp\/v2\/users\/1"}],"replies":[{"embeddable":true,"href":"https:\/\/www.toloji.org.br\/instituto\/wp-json\/wp\/v2\/comments?post=74"}],"version-history":[{"count":1,"href":"https:\/\/www.toloji.org.br\/instituto\/wp-json\/wp\/v2\/pages\/74\/revisions"}],"predecessor-version":[{"id":75,"href":"https:\/\/www.toloji.org.br\/instituto\/wp-json\/wp\/v2\/pages\/74\/revisions\/75"}],"wp:attachment":[{"href":"https:\/\/www.toloji.org.br\/instituto\/wp-json\/wp\/v2\/media?parent=74"}],"curies":[{"name":"wp","href":"https:\/\/api.w.org\/{rel}","templated":true}]}}