{"id":85,"date":"2013-09-01T18:56:24","date_gmt":"2013-09-01T18:56:24","guid":{"rendered":"http:\/\/www.toloji.org.br\/renato\/?page_id=85"},"modified":"2019-11-18T15:10:51","modified_gmt":"2019-11-18T15:10:51","slug":"videos","status":"publish","type":"page","link":"https:\/\/www.toloji.org.br\/instituto\/videos\/","title":{"rendered":"Videos"},"content":{"rendered":"<h2 id=\"watch-headline-title\" class=\"yt\" style=\"padding-bottom: 8px; text-align: left;\"><span id=\"eow-title\" class=\"watch-title long-title yt-uix-expander-head\" dir=\"ltr\" style=\"vertical-align: top;\" title=\"Bab\u00e1 Toloji - Contribui\u00e7\u00e3o Para O F\u00f3rum Permanente\">Bab\u00e1 Toloji &#8211; Contribui\u00e7\u00e3o Para O F\u00f3rum Permanente<\/span><\/h2>\n<p><iframe title=\"Bab\u00e1 Toloji -  Contribui\u00e7\u00e3o Para O F\u00f3rum Permanente\" width=\"690\" height=\"518\" src=\"https:\/\/www.youtube.com\/embed\/DBR94oeZznU?feature=oembed\" frameborder=\"0\" allow=\"accelerometer; autoplay; encrypted-media; gyroscope; picture-in-picture\" allowfullscreen><\/iframe><\/p>\n<h2 id=\"watch-headline-title\" class=\"yt\" style=\"padding-bottom: 8px; text-align: left;\"><\/h2>\n<h2 class=\"yt\" style=\"padding-bottom: 8px; text-align: left;\"><span id=\"eow-title\" class=\"watch-title long-title yt-uix-expander-head\" dir=\"ltr\" style=\"vertical-align: top;\" title=\"Instituto Cultural Bab\u00e1 Toloji - Mat\u00e9ria TV Brasil: Cultura de Ponto a Ponto\">Instituto Cultural Bab\u00e1 Toloji &#8211; Mat\u00e9ria TV Brasil: Cultura de Ponto a Ponto<\/span><\/h2>\n<p><iframe title=\"Instituto Cultural Bab\u00e1 Toloji - Mat\u00e9ria TV Brasil: Cultura de Ponto a Ponto\" width=\"690\" height=\"518\" src=\"https:\/\/www.youtube.com\/embed\/I2z6HhuXf4g?feature=oembed\" frameborder=\"0\" allow=\"accelerometer; autoplay; encrypted-media; gyroscope; picture-in-picture\" allowfullscreen><\/iframe><\/p>\n<h2><\/h2>\n<h2 class=\"yt\" style=\"padding-bottom: 8px; text-align: left;\"><span id=\"eow-title\" class=\"watch-title long-title yt-uix-expander-head\" dir=\"ltr\" style=\"vertical-align: top;\" title=\"Instituto Cultural Bab\u00e1 Toloji - Mat\u00e9ria TV Brasil: Cultura de Ponto a Ponto\">Uma Visita Virtual ao Instituto Cultural Bab\u00e1 Toloji <\/span><\/h2>\n<p><iframe title=\"Uma Visita Virtual Ao Instituto Cultural Bab\u00e1 Toloji\" width=\"690\" height=\"388\" src=\"https:\/\/www.youtube.com\/embed\/atJDPXOV5PA?feature=oembed\" frameborder=\"0\" allow=\"accelerometer; autoplay; encrypted-media; gyroscope; picture-in-picture\" allowfullscreen><\/iframe><\/p>\n<h2 class=\"yt\" style=\"padding-bottom: 8px; text-align: left;\"><\/h2>\n<h2 class=\"yt\" style=\"padding-bottom: 8px; text-align: left;\"><span id=\"eow-title\" class=\"watch-title long-title yt-uix-expander-head\" dir=\"ltr\" style=\"vertical-align: top;\" title=\"Instituto Cultural Bab\u00e1 Toloji - Mat\u00e9ria TV Brasil: Cultura de Ponto a Ponto\">Da \u00c1frica do Sul ao Zimbabwe &#8211; From South \u00c1frica to Zimbabwe<br \/>\n<\/span><\/h2>\n<p><iframe title=\"Da \u00c1frica do Sul ao Zimbabwe - From South Africa to Zimbabwe\" width=\"690\" height=\"388\" src=\"https:\/\/www.youtube.com\/embed\/qij7gHWfyAo?feature=oembed\" frameborder=\"0\" allow=\"accelerometer; autoplay; encrypted-media; gyroscope; picture-in-picture\" allowfullscreen><\/iframe><\/p>\n<h2><\/h2>\n<h2>Um Peda\u00e7o da \u00c1frica em Campinas<\/h2>\n<p><iframe title=\"Um peda\u00e7o da \u00c1frica em Campinas\" width=\"690\" height=\"388\" src=\"https:\/\/www.youtube.com\/embed\/-BKCz48j7uE?feature=oembed\" frameborder=\"0\" allow=\"accelerometer; autoplay; encrypted-media; gyroscope; picture-in-picture\" allowfullscreen><\/iframe><\/p>\n","protected":false},"excerpt":{"rendered":"<p>Bab\u00e1 Toloji &#8211; Contribui\u00e7\u00e3o Para O F\u00f3rum Permanente Instituto Cultural Bab\u00e1 Toloji &#8211; Mat\u00e9ria TV Brasil: Cultura de Ponto a Ponto Uma Visita Virtual ao Instituto Cultural Bab\u00e1 Toloji Da <a class=\"more-link\" href=\"https:\/\/www.toloji.org.br\/instituto\/videos\/\">Continue Reading &rarr;<\/a><\/p>\n","protected":false},"author":1,"featured_media":0,"parent":0,"menu_order":0,"comment_status":"closed","ping_status":"open","template":"","meta":{"footnotes":""},"class_list":["post-85","page","type-page","status-publish","hentry"],"yoast_head":"<!-- This site is optimized with the Yoast SEO plugin v26.6 - https:\/\/yoast.com\/wordpress\/plugins\/seo\/ -->\n<title>Videos - Instituto Bab\u00e1 Toloji<\/title>\n<meta name=\"robots\" content=\"index, follow, max-snippet:-1, max-image-preview:large, max-video-preview:-1\" \/>\n<link rel=\"canonical\" href=\"https:\/\/www.toloji.org.br\/instituto\/videos\/\" \/>\n<meta property=\"og:locale\" content=\"pt_BR\" \/>\n<meta property=\"og:type\" content=\"article\" \/>\n<meta property=\"og:title\" content=\"Videos - Instituto Bab\u00e1 Toloji\" \/>\n<meta property=\"og:description\" content=\"Bab\u00e1 Toloji &#8211; Contribui\u00e7\u00e3o Para O F\u00f3rum Permanente Instituto Cultural Bab\u00e1 Toloji &#8211; Mat\u00e9ria TV Brasil: Cultura de Ponto a Ponto Uma Visita Virtual ao Instituto Cultural Bab\u00e1 Toloji Da Continue Reading &rarr;\" \/>\n<meta property=\"og:url\" content=\"https:\/\/www.toloji.org.br\/instituto\/videos\/\" \/>\n<meta property=\"og:site_name\" content=\"Instituto Bab\u00e1 Toloji\" \/>\n<meta property=\"article:publisher\" content=\"https:\/\/www.facebook.com\/institutoculturalbabatoloji\/\" \/>\n<meta property=\"article:modified_time\" content=\"2019-11-18T15:10:51+00:00\" \/>\n<meta name=\"twitter:card\" content=\"summary_large_image\" \/>\n<script type=\"application\/ld+json\" class=\"yoast-schema-graph\">{\"@context\":\"https:\/\/schema.org\",\"@graph\":[{\"@type\":\"WebPage\",\"@id\":\"https:\/\/www.toloji.org.br\/instituto\/videos\/\",\"url\":\"https:\/\/www.toloji.org.br\/instituto\/videos\/\",\"name\":\"Videos - Instituto Bab\u00e1 Toloji\",\"isPartOf\":{\"@id\":\"https:\/\/www.toloji.org.br\/instituto\/#website\"},\"datePublished\":\"2013-09-01T18:56:24+00:00\",\"dateModified\":\"2019-11-18T15:10:51+00:00\",\"breadcrumb\":{\"@id\":\"https:\/\/www.toloji.org.br\/instituto\/videos\/#breadcrumb\"},\"inLanguage\":\"pt-BR\",\"potentialAction\":[{\"@type\":\"ReadAction\",\"target\":[\"https:\/\/www.toloji.org.br\/instituto\/videos\/\"]}]},{\"@type\":\"BreadcrumbList\",\"@id\":\"https:\/\/www.toloji.org.br\/instituto\/videos\/#breadcrumb\",\"itemListElement\":[{\"@type\":\"ListItem\",\"position\":1,\"name\":\"In\u00edcio\",\"item\":\"https:\/\/www.toloji.org.br\/instituto\/\"},{\"@type\":\"ListItem\",\"position\":2,\"name\":\"Videos\"}]},{\"@type\":\"WebSite\",\"@id\":\"https:\/\/www.toloji.org.br\/instituto\/#website\",\"url\":\"https:\/\/www.toloji.org.br\/instituto\/\",\"name\":\"Instituto Bab\u00e1 Toloji\",\"description\":\"\",\"publisher\":{\"@id\":\"https:\/\/www.toloji.org.br\/instituto\/#organization\"},\"potentialAction\":[{\"@type\":\"SearchAction\",\"target\":{\"@type\":\"EntryPoint\",\"urlTemplate\":\"https:\/\/www.toloji.org.br\/instituto\/?s={search_term_string}\"},\"query-input\":{\"@type\":\"PropertyValueSpecification\",\"valueRequired\":true,\"valueName\":\"search_term_string\"}}],\"inLanguage\":\"pt-BR\"},{\"@type\":\"Organization\",\"@id\":\"https:\/\/www.toloji.org.br\/instituto\/#organization\",\"name\":\"Instituto Bab\u00e1 Toloji\",\"url\":\"https:\/\/www.toloji.org.br\/instituto\/\",\"logo\":{\"@type\":\"ImageObject\",\"inLanguage\":\"pt-BR\",\"@id\":\"https:\/\/www.toloji.org.br\/instituto\/#\/schema\/logo\/image\/\",\"url\":\"https:\/\/www.toloji.org.br\/instituto\/wp-content\/uploads\/2013\/09\/cropped-974197_3313815100704_997475440_n.jpg\",\"contentUrl\":\"https:\/\/www.toloji.org.br\/instituto\/wp-content\/uploads\/2013\/09\/cropped-974197_3313815100704_997475440_n.jpg\",\"width\":960,\"height\":356,\"caption\":\"Instituto Bab\u00e1 Toloji\"},\"image\":{\"@id\":\"https:\/\/www.toloji.org.br\/instituto\/#\/schema\/logo\/image\/\"},\"sameAs\":[\"https:\/\/www.facebook.com\/institutoculturalbabatoloji\/\"]}]}<\/script>\n<!-- \/ Yoast SEO plugin. -->","yoast_head_json":{"title":"Videos - Instituto Bab\u00e1 Toloji","robots":{"index":"index","follow":"follow","max-snippet":"max-snippet:-1","max-image-preview":"max-image-preview:large","max-video-preview":"max-video-preview:-1"},"canonical":"https:\/\/www.toloji.org.br\/instituto\/videos\/","og_locale":"pt_BR","og_type":"article","og_title":"Videos - Instituto Bab\u00e1 Toloji","og_description":"Bab\u00e1 Toloji &#8211; Contribui\u00e7\u00e3o Para O F\u00f3rum Permanente Instituto Cultural Bab\u00e1 Toloji &#8211; Mat\u00e9ria TV Brasil: Cultura de Ponto a Ponto Uma Visita Virtual ao Instituto Cultural Bab\u00e1 Toloji Da Continue Reading &rarr;","og_url":"https:\/\/www.toloji.org.br\/instituto\/videos\/","og_site_name":"Instituto Bab\u00e1 Toloji","article_publisher":"https:\/\/www.facebook.com\/institutoculturalbabatoloji\/","article_modified_time":"2019-11-18T15:10:51+00:00","twitter_card":"summary_large_image","schema":{"@context":"https:\/\/schema.org","@graph":[{"@type":"WebPage","@id":"https:\/\/www.toloji.org.br\/instituto\/videos\/","url":"https:\/\/www.toloji.org.br\/instituto\/videos\/","name":"Videos - Instituto Bab\u00e1 Toloji","isPartOf":{"@id":"https:\/\/www.toloji.org.br\/instituto\/#website"},"datePublished":"2013-09-01T18:56:24+00:00","dateModified":"2019-11-18T15:10:51+00:00","breadcrumb":{"@id":"https:\/\/www.toloji.org.br\/instituto\/videos\/#breadcrumb"},"inLanguage":"pt-BR","potentialAction":[{"@type":"ReadAction","target":["https:\/\/www.toloji.org.br\/instituto\/videos\/"]}]},{"@type":"BreadcrumbList","@id":"https:\/\/www.toloji.org.br\/instituto\/videos\/#breadcrumb","itemListElement":[{"@type":"ListItem","position":1,"name":"In\u00edcio","item":"https:\/\/www.toloji.org.br\/instituto\/"},{"@type":"ListItem","position":2,"name":"Videos"}]},{"@type":"WebSite","@id":"https:\/\/www.toloji.org.br\/instituto\/#website","url":"https:\/\/www.toloji.org.br\/instituto\/","name":"Instituto Bab\u00e1 Toloji","description":"","publisher":{"@id":"https:\/\/www.toloji.org.br\/instituto\/#organization"},"potentialAction":[{"@type":"SearchAction","target":{"@type":"EntryPoint","urlTemplate":"https:\/\/www.toloji.org.br\/instituto\/?s={search_term_string}"},"query-input":{"@type":"PropertyValueSpecification","valueRequired":true,"valueName":"search_term_string"}}],"inLanguage":"pt-BR"},{"@type":"Organization","@id":"https:\/\/www.toloji.org.br\/instituto\/#organization","name":"Instituto Bab\u00e1 Toloji","url":"https:\/\/www.toloji.org.br\/instituto\/","logo":{"@type":"ImageObject","inLanguage":"pt-BR","@id":"https:\/\/www.toloji.org.br\/instituto\/#\/schema\/logo\/image\/","url":"https:\/\/www.toloji.org.br\/instituto\/wp-content\/uploads\/2013\/09\/cropped-974197_3313815100704_997475440_n.jpg","contentUrl":"https:\/\/www.toloji.org.br\/instituto\/wp-content\/uploads\/2013\/09\/cropped-974197_3313815100704_997475440_n.jpg","width":960,"height":356,"caption":"Instituto Bab\u00e1 Toloji"},"image":{"@id":"https:\/\/www.toloji.org.br\/instituto\/#\/schema\/logo\/image\/"},"sameAs":["https:\/\/www.facebook.com\/institutoculturalbabatoloji\/"]}]}},"_links":{"self":[{"href":"https:\/\/www.toloji.org.br\/instituto\/wp-json\/wp\/v2\/pages\/85","targetHints":{"allow":["GET"]}}],"collection":[{"href":"https:\/\/www.toloji.org.br\/instituto\/wp-json\/wp\/v2\/pages"}],"about":[{"href":"https:\/\/www.toloji.org.br\/instituto\/wp-json\/wp\/v2\/types\/page"}],"author":[{"embeddable":true,"href":"https:\/\/www.toloji.org.br\/instituto\/wp-json\/wp\/v2\/users\/1"}],"replies":[{"embeddable":true,"href":"https:\/\/www.toloji.org.br\/instituto\/wp-json\/wp\/v2\/comments?post=85"}],"version-history":[{"count":16,"href":"https:\/\/www.toloji.org.br\/instituto\/wp-json\/wp\/v2\/pages\/85\/revisions"}],"predecessor-version":[{"id":539,"href":"https:\/\/www.toloji.org.br\/instituto\/wp-json\/wp\/v2\/pages\/85\/revisions\/539"}],"wp:attachment":[{"href":"https:\/\/www.toloji.org.br\/instituto\/wp-json\/wp\/v2\/media?parent=85"}],"curies":[{"name":"wp","href":"https:\/\/api.w.org\/{rel}","templated":true}]}}