{"id":87,"date":"2013-09-01T18:57:32","date_gmt":"2013-09-01T18:57:32","guid":{"rendered":"http:\/\/www.toloji.org.br\/renato\/?page_id=87"},"modified":"2019-10-29T16:39:24","modified_gmt":"2019-10-29T16:39:24","slug":"contato","status":"publish","type":"page","link":"https:\/\/www.toloji.org.br\/instituto\/contato\/","title":{"rendered":"Contato"},"content":{"rendered":"<p>Rua Mario Bassani, 154 &#8211; Jd. S\u00e3o Vicente &#8211; Campinas &#8211; SP &#8211; CEP.: 13045-540<br \/>\nTelef.: (19) 3276-5687 Fax: (19) 3276-5759 E-Mail: <a href=\"mailto:toloji@toloji.org.br\">toloji@toloji.org.br<\/a><\/p>\n<p>Como Chegar:<\/p>\n<p><iframe src=\"https:\/\/maps.google.com.br\/maps?q=R.+M%C3%A1rio+Bassani,+154+-+Jardim+S%C3%A3o+Vicente,+Campinas+-+S%C3%A3o+Paulo&amp;oe=utf-8&amp;client=firefox-a&amp;ie=UTF8&amp;hl=pt-BR&amp;f=q&amp;hq=&amp;hnear=R.+M%C3%A1rio+Bassani,+154+-+Jardim+S%C3%A3o+Vicente,+Campinas+-+S%C3%A3o+Paulo,+13045-180&amp;t=m&amp;ll=-22.946617,-47.025518&amp;spn=0.027664,0.036478&amp;z=14&amp;iwloc=A&amp;output=embed\" height=\"350\" width=\"425\" frameborder=\"0\" marginwidth=\"0\" marginheight=\"0\" scrolling=\"no\"><\/iframe><br \/>\n<small><a style=\"color: #0000ff; text-align: left;\" href=\"https:\/\/maps.google.com.br\/maps?q=R.+M%C3%A1rio+Bassani,+154+-+Jardim+S%C3%A3o+Vicente,+Campinas+-+S%C3%A3o+Paulo&amp;oe=utf-8&amp;client=firefox-a&amp;ie=UTF8&amp;hl=pt-BR&amp;f=q&amp;hq=&amp;hnear=R.+M%C3%A1rio+Bassani,+154+-+Jardim+S%C3%A3o+Vicente,+Campinas+-+S%C3%A3o+Paulo,+13045-180&amp;t=m&amp;ll=-22.946617,-47.025518&amp;spn=0.027664,0.036478&amp;z=14&amp;iwloc=A&amp;source=embed\">Exibir mapa ampliado<\/a><\/small><\/p>\n","protected":false},"excerpt":{"rendered":"<p>Rua Mario Bassani, 154 &#8211; Jd. S\u00e3o Vicente &#8211; Campinas &#8211; SP &#8211; CEP.: 13045-540 Telef.: (19) 3276-5687 Fax: (19) 3276-5759 E-Mail: toloji@toloji.org.br Como Chegar: Exibir mapa ampliado<\/p>\n","protected":false},"author":1,"featured_media":0,"parent":0,"menu_order":0,"comment_status":"closed","ping_status":"open","template":"","meta":{"footnotes":""},"class_list":["post-87","page","type-page","status-publish","hentry"],"yoast_head":"<!-- This site is optimized with the Yoast SEO plugin v26.6 - https:\/\/yoast.com\/wordpress\/plugins\/seo\/ -->\n<title>Contato - Instituto Bab\u00e1 Toloji<\/title>\n<meta name=\"description\" content=\"Instituto Bab\u00e1 Toloji - Mem\u00f3ria e Identidade Afro, fundado em 20 de junho de 1999 por Luiz Antonio Castro de Jesus, o Babalorix\u00e1 Toloji, respons\u00e1vel pela casa de candombl\u00e9 Comunidade da Tradi\u00e7\u00e3o do Culto Afro Ilesin Ogun LaKayie Osinmole. O Instituto possui acervo variado de esculturas, m\u00e1scaras, quadros, livros e adere\u00e7os. S\u00e3o mais de 11.500 pe\u00e7as representando a riqueza da cultura africana e afro-brasileira.\" \/>\n<meta name=\"robots\" content=\"index, follow, max-snippet:-1, max-image-preview:large, max-video-preview:-1\" \/>\n<link rel=\"canonical\" href=\"https:\/\/www.toloji.org.br\/instituto\/contato\/\" \/>\n<meta property=\"og:locale\" content=\"pt_BR\" \/>\n<meta property=\"og:type\" content=\"article\" \/>\n<meta property=\"og:title\" content=\"Contato - Instituto Bab\u00e1 Toloji\" \/>\n<meta property=\"og:description\" content=\"Instituto Bab\u00e1 Toloji - Mem\u00f3ria e Identidade Afro, fundado em 20 de junho de 1999 por Luiz Antonio Castro de Jesus, o Babalorix\u00e1 Toloji, respons\u00e1vel pela casa de candombl\u00e9 Comunidade da Tradi\u00e7\u00e3o do Culto Afro Ilesin Ogun LaKayie Osinmole. O Instituto possui acervo variado de esculturas, m\u00e1scaras, quadros, livros e adere\u00e7os. S\u00e3o mais de 11.500 pe\u00e7as representando a riqueza da cultura africana e afro-brasileira.\" \/>\n<meta property=\"og:url\" content=\"https:\/\/www.toloji.org.br\/instituto\/contato\/\" \/>\n<meta property=\"og:site_name\" content=\"Instituto Bab\u00e1 Toloji\" \/>\n<meta property=\"article:publisher\" content=\"https:\/\/www.facebook.com\/institutoculturalbabatoloji\/\" \/>\n<meta property=\"article:modified_time\" content=\"2019-10-29T16:39:24+00:00\" \/>\n<meta name=\"twitter:card\" content=\"summary_large_image\" \/>\n<script type=\"application\/ld+json\" class=\"yoast-schema-graph\">{\"@context\":\"https:\/\/schema.org\",\"@graph\":[{\"@type\":\"WebPage\",\"@id\":\"https:\/\/www.toloji.org.br\/instituto\/contato\/\",\"url\":\"https:\/\/www.toloji.org.br\/instituto\/contato\/\",\"name\":\"Contato - Instituto Bab\u00e1 Toloji\",\"isPartOf\":{\"@id\":\"https:\/\/www.toloji.org.br\/instituto\/#website\"},\"datePublished\":\"2013-09-01T18:57:32+00:00\",\"dateModified\":\"2019-10-29T16:39:24+00:00\",\"description\":\"Instituto Bab\u00e1 Toloji - Mem\u00f3ria e Identidade Afro, fundado em 20 de junho de 1999 por Luiz Antonio Castro de Jesus, o Babalorix\u00e1 Toloji, respons\u00e1vel pela casa de candombl\u00e9 Comunidade da Tradi\u00e7\u00e3o do Culto Afro Ilesin Ogun LaKayie Osinmole. O Instituto possui acervo variado de esculturas, m\u00e1scaras, quadros, livros e adere\u00e7os. S\u00e3o mais de 11.500 pe\u00e7as representando a riqueza da cultura africana e afro-brasileira.\",\"breadcrumb\":{\"@id\":\"https:\/\/www.toloji.org.br\/instituto\/contato\/#breadcrumb\"},\"inLanguage\":\"pt-BR\",\"potentialAction\":[{\"@type\":\"ReadAction\",\"target\":[\"https:\/\/www.toloji.org.br\/instituto\/contato\/\"]}]},{\"@type\":\"BreadcrumbList\",\"@id\":\"https:\/\/www.toloji.org.br\/instituto\/contato\/#breadcrumb\",\"itemListElement\":[{\"@type\":\"ListItem\",\"position\":1,\"name\":\"In\u00edcio\",\"item\":\"https:\/\/www.toloji.org.br\/instituto\/\"},{\"@type\":\"ListItem\",\"position\":2,\"name\":\"Contato\"}]},{\"@type\":\"WebSite\",\"@id\":\"https:\/\/www.toloji.org.br\/instituto\/#website\",\"url\":\"https:\/\/www.toloji.org.br\/instituto\/\",\"name\":\"Instituto Bab\u00e1 Toloji\",\"description\":\"\",\"publisher\":{\"@id\":\"https:\/\/www.toloji.org.br\/instituto\/#organization\"},\"potentialAction\":[{\"@type\":\"SearchAction\",\"target\":{\"@type\":\"EntryPoint\",\"urlTemplate\":\"https:\/\/www.toloji.org.br\/instituto\/?s={search_term_string}\"},\"query-input\":{\"@type\":\"PropertyValueSpecification\",\"valueRequired\":true,\"valueName\":\"search_term_string\"}}],\"inLanguage\":\"pt-BR\"},{\"@type\":\"Organization\",\"@id\":\"https:\/\/www.toloji.org.br\/instituto\/#organization\",\"name\":\"Instituto Bab\u00e1 Toloji\",\"url\":\"https:\/\/www.toloji.org.br\/instituto\/\",\"logo\":{\"@type\":\"ImageObject\",\"inLanguage\":\"pt-BR\",\"@id\":\"https:\/\/www.toloji.org.br\/instituto\/#\/schema\/logo\/image\/\",\"url\":\"https:\/\/www.toloji.org.br\/instituto\/wp-content\/uploads\/2013\/09\/cropped-974197_3313815100704_997475440_n.jpg\",\"contentUrl\":\"https:\/\/www.toloji.org.br\/instituto\/wp-content\/uploads\/2013\/09\/cropped-974197_3313815100704_997475440_n.jpg\",\"width\":960,\"height\":356,\"caption\":\"Instituto Bab\u00e1 Toloji\"},\"image\":{\"@id\":\"https:\/\/www.toloji.org.br\/instituto\/#\/schema\/logo\/image\/\"},\"sameAs\":[\"https:\/\/www.facebook.com\/institutoculturalbabatoloji\/\"]}]}<\/script>\n<!-- \/ Yoast SEO plugin. -->","yoast_head_json":{"title":"Contato - Instituto Bab\u00e1 Toloji","description":"Instituto Bab\u00e1 Toloji - Mem\u00f3ria e Identidade Afro, fundado em 20 de junho de 1999 por Luiz Antonio Castro de Jesus, o Babalorix\u00e1 Toloji, respons\u00e1vel pela casa de candombl\u00e9 Comunidade da Tradi\u00e7\u00e3o do Culto Afro Ilesin Ogun LaKayie Osinmole. O Instituto possui acervo variado de esculturas, m\u00e1scaras, quadros, livros e adere\u00e7os. S\u00e3o mais de 11.500 pe\u00e7as representando a riqueza da cultura africana e afro-brasileira.","robots":{"index":"index","follow":"follow","max-snippet":"max-snippet:-1","max-image-preview":"max-image-preview:large","max-video-preview":"max-video-preview:-1"},"canonical":"https:\/\/www.toloji.org.br\/instituto\/contato\/","og_locale":"pt_BR","og_type":"article","og_title":"Contato - Instituto Bab\u00e1 Toloji","og_description":"Instituto Bab\u00e1 Toloji - Mem\u00f3ria e Identidade Afro, fundado em 20 de junho de 1999 por Luiz Antonio Castro de Jesus, o Babalorix\u00e1 Toloji, respons\u00e1vel pela casa de candombl\u00e9 Comunidade da Tradi\u00e7\u00e3o do Culto Afro Ilesin Ogun LaKayie Osinmole. O Instituto possui acervo variado de esculturas, m\u00e1scaras, quadros, livros e adere\u00e7os. S\u00e3o mais de 11.500 pe\u00e7as representando a riqueza da cultura africana e afro-brasileira.","og_url":"https:\/\/www.toloji.org.br\/instituto\/contato\/","og_site_name":"Instituto Bab\u00e1 Toloji","article_publisher":"https:\/\/www.facebook.com\/institutoculturalbabatoloji\/","article_modified_time":"2019-10-29T16:39:24+00:00","twitter_card":"summary_large_image","schema":{"@context":"https:\/\/schema.org","@graph":[{"@type":"WebPage","@id":"https:\/\/www.toloji.org.br\/instituto\/contato\/","url":"https:\/\/www.toloji.org.br\/instituto\/contato\/","name":"Contato - Instituto Bab\u00e1 Toloji","isPartOf":{"@id":"https:\/\/www.toloji.org.br\/instituto\/#website"},"datePublished":"2013-09-01T18:57:32+00:00","dateModified":"2019-10-29T16:39:24+00:00","description":"Instituto Bab\u00e1 Toloji - Mem\u00f3ria e Identidade Afro, fundado em 20 de junho de 1999 por Luiz Antonio Castro de Jesus, o Babalorix\u00e1 Toloji, respons\u00e1vel pela casa de candombl\u00e9 Comunidade da Tradi\u00e7\u00e3o do Culto Afro Ilesin Ogun LaKayie Osinmole. O Instituto possui acervo variado de esculturas, m\u00e1scaras, quadros, livros e adere\u00e7os. S\u00e3o mais de 11.500 pe\u00e7as representando a riqueza da cultura africana e afro-brasileira.","breadcrumb":{"@id":"https:\/\/www.toloji.org.br\/instituto\/contato\/#breadcrumb"},"inLanguage":"pt-BR","potentialAction":[{"@type":"ReadAction","target":["https:\/\/www.toloji.org.br\/instituto\/contato\/"]}]},{"@type":"BreadcrumbList","@id":"https:\/\/www.toloji.org.br\/instituto\/contato\/#breadcrumb","itemListElement":[{"@type":"ListItem","position":1,"name":"In\u00edcio","item":"https:\/\/www.toloji.org.br\/instituto\/"},{"@type":"ListItem","position":2,"name":"Contato"}]},{"@type":"WebSite","@id":"https:\/\/www.toloji.org.br\/instituto\/#website","url":"https:\/\/www.toloji.org.br\/instituto\/","name":"Instituto Bab\u00e1 Toloji","description":"","publisher":{"@id":"https:\/\/www.toloji.org.br\/instituto\/#organization"},"potentialAction":[{"@type":"SearchAction","target":{"@type":"EntryPoint","urlTemplate":"https:\/\/www.toloji.org.br\/instituto\/?s={search_term_string}"},"query-input":{"@type":"PropertyValueSpecification","valueRequired":true,"valueName":"search_term_string"}}],"inLanguage":"pt-BR"},{"@type":"Organization","@id":"https:\/\/www.toloji.org.br\/instituto\/#organization","name":"Instituto Bab\u00e1 Toloji","url":"https:\/\/www.toloji.org.br\/instituto\/","logo":{"@type":"ImageObject","inLanguage":"pt-BR","@id":"https:\/\/www.toloji.org.br\/instituto\/#\/schema\/logo\/image\/","url":"https:\/\/www.toloji.org.br\/instituto\/wp-content\/uploads\/2013\/09\/cropped-974197_3313815100704_997475440_n.jpg","contentUrl":"https:\/\/www.toloji.org.br\/instituto\/wp-content\/uploads\/2013\/09\/cropped-974197_3313815100704_997475440_n.jpg","width":960,"height":356,"caption":"Instituto Bab\u00e1 Toloji"},"image":{"@id":"https:\/\/www.toloji.org.br\/instituto\/#\/schema\/logo\/image\/"},"sameAs":["https:\/\/www.facebook.com\/institutoculturalbabatoloji\/"]}]}},"_links":{"self":[{"href":"https:\/\/www.toloji.org.br\/instituto\/wp-json\/wp\/v2\/pages\/87","targetHints":{"allow":["GET"]}}],"collection":[{"href":"https:\/\/www.toloji.org.br\/instituto\/wp-json\/wp\/v2\/pages"}],"about":[{"href":"https:\/\/www.toloji.org.br\/instituto\/wp-json\/wp\/v2\/types\/page"}],"author":[{"embeddable":true,"href":"https:\/\/www.toloji.org.br\/instituto\/wp-json\/wp\/v2\/users\/1"}],"replies":[{"embeddable":true,"href":"https:\/\/www.toloji.org.br\/instituto\/wp-json\/wp\/v2\/comments?post=87"}],"version-history":[{"count":4,"href":"https:\/\/www.toloji.org.br\/instituto\/wp-json\/wp\/v2\/pages\/87\/revisions"}],"predecessor-version":[{"id":441,"href":"https:\/\/www.toloji.org.br\/instituto\/wp-json\/wp\/v2\/pages\/87\/revisions\/441"}],"wp:attachment":[{"href":"https:\/\/www.toloji.org.br\/instituto\/wp-json\/wp\/v2\/media?parent=87"}],"curies":[{"name":"wp","href":"https:\/\/api.w.org\/{rel}","templated":true}]}}